{"id":686,"date":"2015-08-10T15:37:02","date_gmt":"2015-08-10T15:37:02","guid":{"rendered":"http:\/\/gracechurch.ancorathemes.com\/?page_id=686"},"modified":"2016-11-20T00:09:37","modified_gmt":"2016-11-20T00:09:37","slug":"about-us","status":"publish","type":"page","link":"http:\/\/www.souffledevie.net\/eglise\/about-us\/","title":{"rendered":"Qui sommes-nous"},"content":{"rendered":"<div class=\"vc_row wpb_row vc_row-fluid vc_custom_1441117467051\"><div class=\"wpb_column vc_column_container vc_col-sm-6\"><div class=\"wpb_wrapper\"><h6 class=\"sc_title sc_title_divider sc_align_left\" style=\"margin-bottom:3.125rem;text-align:left;font-size:30;\"><span class=\"sc_title_divider_before\"><\/span>POURQUOI NOTRE \u00c9GLISE<span class=\"sc_title_divider_after\"><\/span><\/h6><h3 class=\"sc_title sc_title_iconed sc_align_left\" style=\"text-align:left;\"><span class=\"sc_title_icon sc_title_icon_left  sc_title_icon_medium\"><img decoding=\"async\" src=\"http:\/\/www.souffledevie.net\/eglise\/wp-content\/uploads\/2015\/08\/icon_team_member2.png\" alt=\"\" \/><\/span>LA COMMUNAUT\u00c9 BIENVENUE<\/h3>\n\t<div class=\"wpb_text_column wpb_content_element \">\n\t\t<div class=\"wpb_wrapper\">\n\t\t\t<p>Nous avons un fort sentiment de communaut\u00e9 avec les paroissiens. Les gens et les enfants de tous les \u00e2ges ici sont encourag\u00e9s \u00e0 en apprendre davantage sur leur propre foi et le r\u00f4le de l&rsquo;\u00e9glise dans notre communaut\u00e9 et dans le monde.<\/p>\n\n\t\t<\/div>\n\t<\/div>\n<h3 class=\"sc_title sc_title_iconed sc_align_left\" style=\"text-align:left;\"><span class=\"sc_title_icon sc_title_icon_left  sc_title_icon_medium\"><img decoding=\"async\" src=\"http:\/\/www.souffledevie.net\/eglise\/wp-content\/uploads\/2015\/08\/icon_team_member1.png\" alt=\"\" \/><\/span>NOUS APPRENONS DU SEIGNEUR<\/h3>\n\t<div class=\"wpb_text_column wpb_content_element \">\n\t\t<div class=\"wpb_wrapper\">\n\t\t\t<p>La mission de notre \u00e9glise est de faire prendre conscience \u00e0 propos de l&rsquo;existence de Dieu. Si vous souhaitez devenir une partie de votre \u00e9glise ou un b\u00e9n\u00e9vole pour aider ceux dans le besoin, notre communaut\u00e9 vous attend avec un c\u0153ur ouvert.<\/p>\n\n\t\t<\/div>\n\t<\/div>\n<\/div><\/div><div class=\"wpb_column vc_column_container vc_col-sm-6\"><div class=\"wpb_wrapper\"><div class=\"figure sc_image  alignright sc_image_shape_square image-about-us\" style=\"margin-top:1.35em !important;\"><img decoding=\"async\" src=\"http:\/\/www.souffledevie.net\/eglise\/wp-content\/uploads\/2015\/08\/les-gens.jpg\" alt=\"\" \/><\/div><\/div><\/div><\/div><div data-vc-full-width=\"true\" data-vc-full-width-init=\"false\" class=\"vc_row wpb_row vc_row-fluid vc_custom_1441117549618\"><div class=\"wpb_column vc_column_container vc_col-sm-12\"><div class=\"wpb_wrapper\"><h6 class=\"sc_title sc_title_underline sc_align_left\" style=\"margin-bottom:5%;text-align:left;font-size:20;\">NOTRE \u00c9QUIPE<\/h6><div id=\"sc_team_385816480_wrap\" class=\"sc_team_wrap\"><div id=\"sc_team_385816480\" class=\"sc_team sc_team_style_team-4  sc_slider_nopagination sc_slider_nocontrols\" style=\"width:100%;\" data-interval=\"9783\" data-slides-per-view=\"4\"><div class=\"sc_columns columns_wrap\"><div class=\"column-1_4 column_padding_bottom\">\t\t\t<div id=\"sc_team_385816480_1\"\t\t\t\tclass=\"sc_team_item sc_team_item_1 odd first\"\n\t\t\t\t>\n\t\t\t\t<div class=\"sc_team_item_avatar\"><img loading=\"lazy\" decoding=\"async\" class=\"wp-post-image\" width=\"370\" height=\"415\" alt=\"Ndume Furaha\" src=\"http:\/\/www.souffledevie.net\/eglise\/wp-content\/uploads\/2015\/08\/NDUME-FURAHA-_499-740x830.jpg\">\t\t\t\t\t<div class=\"sc_team_item_hover\">\n\t\t\t\t\t\t<div class=\"sc_team_item_info\">\n\t\t\t\t\t\t\t<h5 class=\"sc_team_item_title\"><a href=\"http:\/\/www.souffledevie.net\/eglise\/team\/ndume-furaha\/\">Ndume Furaha<\/a><\/h5>\n\t\t\t\t\t\t\t<div class=\"sc_team_item_position\">Voluntaire<\/div>\n<!--\t\t\t\t\t\t\t<div class=\"sc_team_item_description\">--><!--<\/div>-->\n\t\t\t\t\t\t\t<div class=\"sc_team_item_socials\"><\/div>\n\t\t\t\t\t\t<\/div>\n\t\t\t\t\t<\/div>\n\t\t\t\t<\/div>\n\t\t\t<\/div>\n\t\t<\/div><div class=\"column-1_4 column_padding_bottom\">\t\t\t<div id=\"sc_team_385816480_2\"\t\t\t\tclass=\"sc_team_item sc_team_item_2 even\"\n\t\t\t\t>\n\t\t\t\t<div class=\"sc_team_item_avatar\"><img loading=\"lazy\" decoding=\"async\" class=\"wp-post-image\" width=\"370\" height=\"415\" alt=\"Butwaze Namutibuka\" src=\"http:\/\/www.souffledevie.net\/eglise\/wp-content\/uploads\/2015\/08\/BUTWAZE-NAMUTIBUKA_549-740x830.jpg\">\t\t\t\t\t<div class=\"sc_team_item_hover\">\n\t\t\t\t\t\t<div class=\"sc_team_item_info\">\n\t\t\t\t\t\t\t<h5 class=\"sc_team_item_title\"><a href=\"http:\/\/www.souffledevie.net\/eglise\/team\/david-roseman\/\">Butwaze Namutibuka<\/a><\/h5>\n\t\t\t\t\t\t\t<div class=\"sc_team_item_position\">Voluntaire<\/div>\n<!--\t\t\t\t\t\t\t<div class=\"sc_team_item_description\">--><!--<\/div>-->\n\t\t\t\t\t\t\t<div class=\"sc_team_item_socials\"><\/div>\n\t\t\t\t\t\t<\/div>\n\t\t\t\t\t<\/div>\n\t\t\t\t<\/div>\n\t\t\t<\/div>\n\t\t<\/div><div class=\"column-1_4 column_padding_bottom\">\t\t\t<div id=\"sc_team_385816480_3\"\t\t\t\tclass=\"sc_team_item sc_team_item_3 odd\"\n\t\t\t\t>\n\t\t\t\t<div class=\"sc_team_item_avatar\"><img loading=\"lazy\" decoding=\"async\" class=\"wp-post-image\" width=\"370\" height=\"415\" alt=\"Ouvre ton coeur\" src=\"http:\/\/www.souffledevie.net\/eglise\/wp-content\/uploads\/2015\/08\/OPEN-740x830.jpg\">\t\t\t\t\t<div class=\"sc_team_item_hover\">\n\t\t\t\t\t\t<div class=\"sc_team_item_info\">\n\t\t\t\t\t\t\t<h5 class=\"sc_team_item_title\"><a href=\"http:\/\/www.souffledevie.net\/eglise\/team\/briana-nevill\/\">Ouvre ton coeur<\/a><\/h5>\n\t\t\t\t\t\t\t<div class=\"sc_team_item_position\">Trustee<\/div>\n<!--\t\t\t\t\t\t\t<div class=\"sc_team_item_description\">--><!--<\/div>-->\n\t\t\t\t\t\t\t<div class=\"sc_team_item_socials\"><\/div>\n\t\t\t\t\t\t<\/div>\n\t\t\t\t\t<\/div>\n\t\t\t\t<\/div>\n\t\t\t<\/div>\n\t\t<\/div><div class=\"column-1_4 column_padding_bottom\">\t\t\t<div id=\"sc_team_385816480_4\"\t\t\t\tclass=\"sc_team_item sc_team_item_4 even\"\n\t\t\t\t>\n\t\t\t\t<div class=\"sc_team_item_avatar\"><img loading=\"lazy\" decoding=\"async\" class=\"wp-post-image\" width=\"370\" height=\"415\" alt=\"Famille\" src=\"http:\/\/www.souffledevie.net\/eglise\/wp-content\/uploads\/2015\/08\/famille-740x830.jpg\">\t\t\t\t\t<div class=\"sc_team_item_hover\">\n\t\t\t\t\t\t<div class=\"sc_team_item_info\">\n\t\t\t\t\t\t\t<h5 class=\"sc_team_item_title\"><a href=\"http:\/\/www.souffledevie.net\/eglise\/team\/famille\/\">Famille<\/a><\/h5>\n\t\t\t\t\t\t\t<div class=\"sc_team_item_position\">Pastor<\/div>\n<!--\t\t\t\t\t\t\t<div class=\"sc_team_item_description\">--><!--<\/div>-->\n\t\t\t\t\t\t\t<div class=\"sc_team_item_socials\"><\/div>\n\t\t\t\t\t\t<\/div>\n\t\t\t\t\t<\/div>\n\t\t\t\t<\/div>\n\t\t\t<\/div>\n\t\t<\/div><\/div><div class=\"sc_team_button sc_item_button\"><a href=\"#\" class=\"sc_button sc_button_square sc_button_style_border sc_button_size_large  sc_button_iconed none\">DEVENIR MEMBRE<\/a><\/div><\/div><!-- \/.sc_team --><\/div><!-- \/.sc_team_wrap --><\/div><\/div><div class=\"wpb_column vc_column_container vc_col-sm-12\"><div class=\"wpb_wrapper\"><div class=\"sc_content content_wrap\" style=\"margin-top:7% !important;margin-bottom:7% !important;\"><\/div><\/div><\/div><\/div><div class=\"vc_row-full-width\"><\/div><div class=\"vc_row wpb_row vc_row-fluid vc_custom_1441183608502\"><div class=\"wpb_column vc_column_container vc_col-sm-8\"><div class=\"wpb_wrapper\"><h6 class=\"sc_title sc_title_divider sc_align_left\" style=\"margin-bottom:3.125rem;text-align:left;\"><span class=\"sc_title_divider_before\"><\/span><span class=\"sc_title_divider_after\"><\/span><\/h6>PASTEUR[<\/p>\n<p><img decoding=\"async\" src=\"http:\/\/www.souffledevie.net\/eglise\/wp-content\/uploads\/2015\/08\/past3.jpg\" \/><\/p>\n<p>Ceci est ce que je cherche: Je voudrais habiter dans la maison du Seigneur tous les jours de ma vie, de contempler la beaut\u00e9 du Seigneur et de le chercher dans son temple. Go\u00fbtez et voyez combien le Seigneur est bon; Heureux l&rsquo;homme qui se r\u00e9fugie en lui. Le Seigneur est Dieu \u00e9ternel, le cr\u00e9ateur de toutes les extr\u00e9mit\u00e9s de la terre.[\/vc_column_text]\n\t<div class=\"wpb_text_column wpb_content_element  color_light\">\n\t\t<div class=\"wpb_wrapper\">\n\t\t\t\n\t\t<\/div>\n\t<\/div>\n<\/div><\/div><div class=\"wpb_column vc_column_container vc_col-sm-4\"><div class=\"wpb_wrapper\"><div class=\"sc_section\" style=\"clear: both;\"><div class=\"sc_section_inner\"><h6 class=\"sc_title sc_title_divider sc_align_left\" style=\"margin-bottom:2.125rem;text-align:left;color:#ffffff;\"><span class=\"sc_title_divider_before\" style=\"background-color: #ffffff\"><\/span>PR\u00c9DICATIONS AUDIOS<span class=\"sc_title_divider_after\" style=\"background-color: #ffffff\"><\/span><\/h6><div class=\"sc_section\"><div class=\"sc_section_inner\"><audio class=\"sc_audio sc_audio_type_minimal\" src=\"http:\/\/www.souffledevie.net\/eglise\/wp-content\/uploads\/2015\/08\/Dream-Music-Relax.mp3\" width=\"\" height=\"\" data-title=\"Predication : FOI\" data-author=\"Predication\"><\/audio><\/div><\/div><div class=\"sc_section\"><div class=\"sc_section_inner\"><audio class=\"sc_audio sc_audio_type_minimal\" src=\"http:\/\/www.souffledevie.net\/eglise\/wp-content\/uploads\/2015\/08\/Dream-Music-Relax.mp3\" width=\"\" height=\"\" data-title=\"Vainqueur de Golgotha\" data-author=\"Alain Moloto\"><\/audio><\/div><\/div><div class=\"sc_section\"><div class=\"sc_section_inner\"><audio class=\"sc_audio sc_audio_type_minimal\" src=\"http:\/\/www.souffledevie.net\/eglise\/wp-content\/uploads\/2015\/08\/Dream-Music-Relax.mp3\" width=\"\" height=\"\" data-title=\"Predication\" data-author=\"Predication\"><\/audio><\/div><\/div><\/div><\/div><\/div><\/div><\/div><div class=\"vc_row wpb_row vc_row-fluid vc_custom_1441118495328\"><div class=\"wpb_column vc_column_container vc_col-sm-12\"><div class=\"wpb_wrapper\"><!-- #TRX_GAP_START# --><div class=\"sc_testimonials_wrap sc_section\" style=\"background-image:url(http:\/\/www.souffledevie.net\/eglise\/wp-content\/uploads\/2015\/08\/bg4.jpg);\"><div class=\"sc_section_overlay\" style=\"\"><div id=\"sc_testimonials_1378154104\" class=\"sc_testimonials sc_testimonials_style_testimonials-1  sc_slider_swiper swiper-slider-container sc_slider_pagination sc_slider_pagination_bottom sc_slider_nocontrols\" data-interval=\"700000\" style=\"width:100%;\"><div class=\"slides swiper-wrapper\"><div class=\"swiper-slide\" data-style=\"width:100%;\" style=\"width:100%;\">\t\t\t<div id=\"sc_testimonials_1378154104_1\" class=\"sc_testimonial_item\">\n\n            \n                <div class=\"testimonials_left_area\">\n                    <h6 class=\"sc_title sc_title_divider sc_align_left\" style=\"text-align:left;color:#ffffff;\"><span class=\"sc_title_divider_before\" style=\"background-color: #ffffff\"><\/span>Testimonials<span class=\"sc_title_divider_after\" style=\"background-color: #ffffff\"><\/span><\/h6>                                    <\/div>\n                <div class=\"testimonials_right_area\">\n                    <div class=\"sc_testimonial_content\"><p>Je vais \u00e0 cette \u00e9glise toute ma vie et il est une telle b\u00e9n\u00e9diction pour moi! Je suis si heureux d'\u00eatre en mesure d'assister \u00e0 la gr\u00e2ce et de faire partie des choses \u00e9tonnantes que Dieu fait.<\/p><\/div>\n                                                        <div class=\"sc_testimonial_author\"><span class=\"sc_testimonial_author_name\">John Higgins<\/span><span class=\"sc_testimonial_author_position\">Parishioner<\/span><\/div>\n                                            <\/div>\n\n                \n            <\/div>\n\t\t<\/div><div class=\"swiper-slide\" data-style=\"width:100%;\" style=\"width:100%;\">\t\t\t<div id=\"sc_testimonials_1378154104_2\" class=\"sc_testimonial_item\">\n\n            \n                <div class=\"testimonials_left_area\">\n                    <h6 class=\"sc_title sc_title_divider sc_align_left\" style=\"text-align:left;color:#ffffff;\"><span class=\"sc_title_divider_before\" style=\"background-color: #ffffff\"><\/span>Testimonials<span class=\"sc_title_divider_after\" style=\"background-color: #ffffff\"><\/span><\/h6>                                    <\/div>\n                <div class=\"testimonials_right_area\">\n                    <div class=\"sc_testimonial_content\"><p>Je trouve cette communaut\u00e9 \u00e0 un moment dans ma vie o\u00f9 je suis vraiment mal. Je suis entr\u00e9 dans les portes, et se sentait comme je venais de rentrer \u00e0 la maison! Je fus accueilli avec chaleur, et d'encouragement, et de l'amiti\u00e9.<\/p><\/div>\n                                                        <div class=\"sc_testimonial_author\"><span class=\"sc_testimonial_author_name\">Anna Black<\/span><span class=\"sc_testimonial_author_position\">Teacher<\/span><\/div>\n                                            <\/div>\n\n                \n            <\/div>\n\t\t<\/div><div class=\"swiper-slide\" data-style=\"width:100%;\" style=\"width:100%;\">\t\t\t<div id=\"sc_testimonials_1378154104_3\" class=\"sc_testimonial_item\">\n\n            \n                <div class=\"testimonials_left_area\">\n                    <h6 class=\"sc_title sc_title_divider sc_align_left\" style=\"text-align:left;color:#ffffff;\"><span class=\"sc_title_divider_before\" style=\"background-color: #ffffff\"><\/span>Testimonials<span class=\"sc_title_divider_after\" style=\"background-color: #ffffff\"><\/span><\/h6>                                    <\/div>\n                <div class=\"testimonials_right_area\">\n                    <div class=\"sc_testimonial_content\"><p>Moi et mes partenaires ont trouv\u00e9 notre relation avec cette \u00e9quipe pour \u00eatre une exp\u00e9rience tr\u00e8s satisfaisante et mutuellement b\u00e9n\u00e9fique.<\/p><\/div>\n                                                        <div class=\"sc_testimonial_author\"><span class=\"sc_testimonial_author_name\">Mark Priston<\/span><span class=\"sc_testimonial_author_position\">Customer<\/span><\/div>\n                                            <\/div>\n\n                \n            <\/div>\n\t\t<\/div><\/div><div class=\"sc_slider_controls_wrap\"><a class=\"sc_slider_prev\" href=\"#\"><\/a><a class=\"sc_slider_next\" href=\"#\"><\/a><\/div><div class=\"sc_slider_pagination_wrap\"><\/div><\/div><\/div><\/div><!-- #TRX_GAP_END# --><\/div><\/div><\/div>\n","protected":false},"excerpt":{"rendered":"Moi et mes partenaires ont trouv\u00e9 notre relation avec cette \u00e9quipe pour \u00eatre une exp\u00e9rience tr\u00e8s satisfaisante et mutuellement b\u00e9n\u00e9fique.","protected":false},"author":1,"featured_media":0,"parent":0,"menu_order":0,"comment_status":"open","ping_status":"closed","template":"","meta":{"footnotes":""},"class_list":["post-686","page","type-page","status-publish","hentry"],"_links":{"self":[{"href":"http:\/\/www.souffledevie.net\/eglise\/wp-json\/wp\/v2\/pages\/686","targetHints":{"allow":["GET"]}}],"collection":[{"href":"http:\/\/www.souffledevie.net\/eglise\/wp-json\/wp\/v2\/pages"}],"about":[{"href":"http:\/\/www.souffledevie.net\/eglise\/wp-json\/wp\/v2\/types\/page"}],"author":[{"embeddable":true,"href":"http:\/\/www.souffledevie.net\/eglise\/wp-json\/wp\/v2\/users\/1"}],"replies":[{"embeddable":true,"href":"http:\/\/www.souffledevie.net\/eglise\/wp-json\/wp\/v2\/comments?post=686"}],"version-history":[{"count":60,"href":"http:\/\/www.souffledevie.net\/eglise\/wp-json\/wp\/v2\/pages\/686\/revisions"}],"predecessor-version":[{"id":2094,"href":"http:\/\/www.souffledevie.net\/eglise\/wp-json\/wp\/v2\/pages\/686\/revisions\/2094"}],"wp:attachment":[{"href":"http:\/\/www.souffledevie.net\/eglise\/wp-json\/wp\/v2\/media?parent=686"}],"curies":[{"name":"wp","href":"https:\/\/api.w.org\/{rel}","templated":true}]}}